{"id":3321,"date":"2023-09-27T10:49:41","date_gmt":"2023-09-27T08:49:41","guid":{"rendered":"https:\/\/ics-incarservices.com\/shop\/bez-kategorii\/audi-a6-mmi-2g-rhd-navigation-control-panel-circuit-board-4f2919610-4f2919611\/"},"modified":"2024-03-01T11:18:22","modified_gmt":"2024-03-01T10:18:22","slug":"audi-a6-mmi-2g-rhd-navigation-control-panel-circuit-board-4f2919610-4f2919611","status":"publish","type":"product","link":"https:\/\/ics-incarservices.com\/pl\/sklep\/jednostki-multimedialne\/audi-a6-mmi-2g-rhd-navigation-control-panel-circuit-board-4f2919610-4f2919611\/","title":{"rendered":"Audi A6 MMI 2G RHD NAVIGATION CONTROL PANEL- CIRCUIT BOARD 4F2919610 4F2919611"},"content":{"rendered":"\t\t<div data-elementor-type=\"wp-post\" data-elementor-id=\"3321\" class=\"elementor elementor-3321 elementor-2797\">\n\t\t\t\t\t\t<section class=\"elementor-section elementor-top-section elementor-element elementor-element-d3dd98f elementor-section-boxed elementor-section-height-default elementor-section-height-default\" data-id=\"d3dd98f\" data-element_type=\"section\" data-e-type=\"section\">\n\t\t\t\t\t\t<div class=\"elementor-container elementor-column-gap-no\">\n\t\t\t\t\t<div class=\"elementor-column elementor-col-100 elementor-top-column elementor-element elementor-element-8cbe564\" data-id=\"8cbe564\" data-element_type=\"column\" data-e-type=\"column\">\n\t\t\t<div class=\"elementor-widget-wrap elementor-element-populated\">\n\t\t\t\t\t\t<div class=\"elementor-element elementor-element-3c9d21e elementor-widget elementor-widget-heading\" data-id=\"3c9d21e\" data-element_type=\"widget\" data-e-type=\"widget\" data-widget_type=\"heading.default\">\n\t\t\t\t<div class=\"elementor-widget-container\">\n\t\t\t\t\t<h5 class=\"elementor-heading-title elementor-size-default\">PANEL STEROWANIA NAWIGACJI AUDI A6 MMI 2G - P\u0141YTKA DRUKOWANA<\/h5>\t\t\t\t<\/div>\n\t\t\t\t<\/div>\n\t\t\t\t<div class=\"elementor-element elementor-element-888178a elementor-widget elementor-widget-heading\" data-id=\"888178a\" data-element_type=\"widget\" data-e-type=\"widget\" data-widget_type=\"heading.default\">\n\t\t\t\t<div class=\"elementor-widget-container\">\n\t\t\t\t\t<h5 class=\"elementor-heading-title elementor-size-default\">!!! RHD- UK SPEC !!!<\/h5>\t\t\t\t<\/div>\n\t\t\t\t<\/div>\n\t\t\t\t<div class=\"elementor-element elementor-element-de401f4 elementor-widget elementor-widget-text-editor\" data-id=\"de401f4\" data-element_type=\"widget\" data-e-type=\"widget\" data-widget_type=\"text-editor.default\">\n\t\t\t\t<div class=\"elementor-widget-container\">\n\t\t\t\t\t\t\t\t\t<p>KOMPATYBILNY Z:<br \/>AUDI A6 2005-2008- SYSTEMY MMI 2G<\/p>\n<p>NR CZ\u0118\u015aCI: 4F2919610 \/ 4F2919611<\/p>\n<p>USTERKA P\u0141YTKI DRUKOWANEJ JEST BARDZO CZ\u0118STYM PROBLEMEM W POWY\u017bSZYCH SAMOCHODACH I ZWYKLE JEST SPOWODOWANA ROZLANIEM P\u0141YNU. TERAZ DOST\u0118PNY ZA U\u0141AMEK CENY AUDI DELAER<\/p>\n<\/p>\n<p>CO ZAWIERA:<br \/>1x p\u0142ytka drukowana<\/p>\n\t\t\t\t\t\t\t\t<\/div>\n\t\t\t\t<\/div>\n\t\t\t\t<div class=\"elementor-element elementor-element-2236451 elementor-widget elementor-widget-image\" data-id=\"2236451\" data-element_type=\"widget\" data-e-type=\"widget\" data-widget_type=\"image.default\">\n\t\t\t\t<div class=\"elementor-widget-container\">\n\t\t\t\t\t\t\t\t\t\t\t\t\t\t\t<img fetchpriority=\"high\" decoding=\"async\" width=\"500\" height=\"500\" src=\"https:\/\/ics-incarservices.com\/wp-content\/uploads\/2022\/07\/12-months-warranty.png\" class=\"attachment-full size-full wp-image-3073\" alt=\"\" srcset=\"https:\/\/ics-incarservices.com\/wp-content\/uploads\/2022\/07\/12-months-warranty.png 500w, https:\/\/ics-incarservices.com\/wp-content\/uploads\/2022\/07\/12-months-warranty-100x100.png 100w, https:\/\/ics-incarservices.com\/wp-content\/uploads\/2022\/07\/12-months-warranty-300x300.png 300w, https:\/\/ics-incarservices.com\/wp-content\/uploads\/2022\/07\/12-months-warranty-150x150.png 150w\" sizes=\"(max-width: 500px) 100vw, 500px\" \/>\t\t\t\t\t\t\t\t\t\t\t\t\t\t\t<\/div>\n\t\t\t\t<\/div>\n\t\t\t\t\t<\/div>\n\t\t<\/div>\n\t\t\t\t\t<\/div>\n\t\t<\/section>\n\t\t\t\t<\/div>\n\t\t","protected":false},"excerpt":{"rendered":"<p>PANEL STEROWANIA NAWIGACJI AUDI A6 MMI 2G &#8211; P\u0141YTKA DRUKOWANA !!! RHD- UK SPEC !!! KOMPATYBILNY Z:AUDI A6 2005-2008- SYSTEMY MMI 2G NR CZ\u0118\u015aCI: 4F2919610 \/ 4F2919611 USTERKA P\u0141YTKI DRUKOWANEJ JEST BARDZO CZ\u0118STYM PROBLEMEM W POWY\u017bSZYCH SAMOCHODACH I ZWYKLE JEST SPOWODOWANA ROZLANIEM P\u0141YNU. TERAZ DOST\u0118PNY ZA U\u0141AMEK CENY AUDI DELAER CO ZAWIERA:1x p\u0142ytka drukowana<\/p>\n","protected":false},"featured_media":3116,"comment_status":"open","ping_status":"closed","template":"","meta":{"site-sidebar-layout":"no-sidebar","site-content-layout":"content-boxed-container","ast-site-content-layout":"normal-width-container","site-content-style":"boxed","site-sidebar-style":"unboxed","ast-global-header-display":"","ast-banner-title-visibility":"","ast-main-header-display":"","ast-hfb-above-header-display":"","ast-hfb-below-header-display":"","ast-hfb-mobile-header-display":"","site-post-title":"disabled","ast-breadcrumbs-content":"","ast-featured-img":"disabled","footer-sml-layout":"","ast-disable-related-posts":"","theme-transparent-header-meta":"default","adv-header-id-meta":"","stick-header-meta":"","header-above-stick-meta":"","header-main-stick-meta":"","header-below-stick-meta":"","astra-migrate-meta-layouts":"default","ast-page-background-enabled":"default","ast-page-background-meta":{"desktop":{"background-color":"var(--ast-global-color-4)","background-image":"","background-repeat":"repeat","background-position":"center center","background-size":"auto","background-attachment":"scroll","background-type":"","background-media":"","overlay-type":"","overlay-color":"","overlay-opacity":"","overlay-gradient":""},"tablet":{"background-color":"","background-image":"","background-repeat":"repeat","background-position":"center center","background-size":"auto","background-attachment":"scroll","background-type":"","background-media":"","overlay-type":"","overlay-color":"","overlay-opacity":"","overlay-gradient":""},"mobile":{"background-color":"","background-image":"","background-repeat":"repeat","background-position":"center center","background-size":"auto","background-attachment":"scroll","background-type":"","background-media":"","overlay-type":"","overlay-color":"","overlay-opacity":"","overlay-gradient":""}},"ast-content-background-meta":{"desktop":{"background-color":"var(--ast-global-color-5)","background-image":"","background-repeat":"repeat","background-position":"center center","background-size":"auto","background-attachment":"scroll","background-type":"","background-media":"","overlay-type":"","overlay-color":"","overlay-opacity":"","overlay-gradient":""},"tablet":{"background-color":"var(--ast-global-color-5)","background-image":"","background-repeat":"repeat","background-position":"center center","background-size":"auto","background-attachment":"scroll","background-type":"","background-media":"","overlay-type":"","overlay-color":"","overlay-opacity":"","overlay-gradient":""},"mobile":{"background-color":"var(--ast-global-color-5)","background-image":"","background-repeat":"repeat","background-position":"center center","background-size":"auto","background-attachment":"scroll","background-type":"","background-media":"","overlay-type":"","overlay-color":"","overlay-opacity":"","overlay-gradient":""}}},"product_brand":[],"product_cat":[74],"product_tag":[],"class_list":{"0":"post-3321","1":"product","2":"type-product","3":"status-publish","4":"has-post-thumbnail","6":"product_cat-jednostki-multimedialne","7":"product_shipping_class-akcesoria","8":"desktop-align-left","9":"tablet-align-left","10":"mobile-align-left","11":"ast-product-gallery-layout-horizontal-slider","12":"ast-product-tabs-layout-horizontal","13":"ast-qv-on-image","15":"first","16":"instock","17":"taxable","18":"shipping-taxable","19":"purchasable","20":"product-type-simple"},"aioseo_notices":[],"_links":{"self":[{"href":"https:\/\/ics-incarservices.com\/pl\/wp-json\/wp\/v2\/product\/3321","targetHints":{"allow":["GET"]}}],"collection":[{"href":"https:\/\/ics-incarservices.com\/pl\/wp-json\/wp\/v2\/product"}],"about":[{"href":"https:\/\/ics-incarservices.com\/pl\/wp-json\/wp\/v2\/types\/product"}],"replies":[{"embeddable":true,"href":"https:\/\/ics-incarservices.com\/pl\/wp-json\/wp\/v2\/comments?post=3321"}],"version-history":[{"count":2,"href":"https:\/\/ics-incarservices.com\/pl\/wp-json\/wp\/v2\/product\/3321\/revisions"}],"predecessor-version":[{"id":3341,"href":"https:\/\/ics-incarservices.com\/pl\/wp-json\/wp\/v2\/product\/3321\/revisions\/3341"}],"wp:featuredmedia":[{"embeddable":true,"href":"https:\/\/ics-incarservices.com\/pl\/wp-json\/wp\/v2\/media\/3116"}],"wp:attachment":[{"href":"https:\/\/ics-incarservices.com\/pl\/wp-json\/wp\/v2\/media?parent=3321"}],"wp:term":[{"taxonomy":"product_brand","embeddable":true,"href":"https:\/\/ics-incarservices.com\/pl\/wp-json\/wp\/v2\/product_brand?post=3321"},{"taxonomy":"product_cat","embeddable":true,"href":"https:\/\/ics-incarservices.com\/pl\/wp-json\/wp\/v2\/product_cat?post=3321"},{"taxonomy":"product_tag","embeddable":true,"href":"https:\/\/ics-incarservices.com\/pl\/wp-json\/wp\/v2\/product_tag?post=3321"}],"curies":[{"name":"wp","href":"https:\/\/api.w.org\/{rel}","templated":true}]}}