{"id":3333,"date":"2023-08-21T16:18:54","date_gmt":"2023-08-21T14:18:54","guid":{"rendered":"https:\/\/ics-incarservices.com\/shop\/bez-kategorii\/audi-a6-wzmacniacz-bang-olufsen-4g1035466-c-e-serwis-naprawczy\/"},"modified":"2024-03-01T11:18:26","modified_gmt":"2024-03-01T10:18:26","slug":"audi-a6-wzmacniacz-bang-olufsen-4g1035466-c-e-serwis-naprawczy","status":"publish","type":"product","link":"https:\/\/ics-incarservices.com\/pl\/sklep\/naprawy-uslugi\/audi-a6-wzmacniacz-bang-olufsen-4g1035466-c-e-serwis-naprawczy\/","title":{"rendered":"AUDI A6 WZMACNIACZ BANG OLUFSEN 4G1035466 C, E SERWIS NAPRAWCZY"},"content":{"rendered":"\t\t<div data-elementor-type=\"wp-post\" data-elementor-id=\"3333\" class=\"elementor elementor-3333 elementor-2236\">\n\t\t\t\t\t\t<section class=\"elementor-section elementor-top-section elementor-element elementor-element-d3dd98f elementor-section-boxed elementor-section-height-default elementor-section-height-default\" data-id=\"d3dd98f\" data-element_type=\"section\" data-e-type=\"section\">\n\t\t\t\t\t\t<div class=\"elementor-container elementor-column-gap-no\">\n\t\t\t\t\t<div class=\"elementor-column elementor-col-100 elementor-top-column elementor-element elementor-element-8cbe564\" data-id=\"8cbe564\" data-element_type=\"column\" data-e-type=\"column\">\n\t\t\t<div class=\"elementor-widget-wrap elementor-element-populated\">\n\t\t\t\t\t\t<div class=\"elementor-element elementor-element-3c9d21e elementor-widget elementor-widget-heading\" data-id=\"3c9d21e\" data-element_type=\"widget\" data-e-type=\"widget\" data-widget_type=\"heading.default\">\n\t\t\t\t<div class=\"elementor-widget-container\">\n\t\t\t\t\t<h5 class=\"elementor-heading-title elementor-size-default\">PROFESJONALNY SERWIS NAPRAWCZY WZMACNIACZY AUDI BANG &amp; OLUFSEN<\/h5>\t\t\t\t<\/div>\n\t\t\t\t<\/div>\n\t\t\t\t<div class=\"elementor-element elementor-element-37df229 elementor-widget elementor-widget-heading\" data-id=\"37df229\" data-element_type=\"widget\" data-e-type=\"widget\" data-widget_type=\"heading.default\">\n\t\t\t\t<div class=\"elementor-widget-container\">\n\t\t\t\t\t<h5 class=\"elementor-heading-title elementor-size-default\">POWSZECHNIE SPOTYKANE W: AUDI A6<\/h5>\t\t\t\t<\/div>\n\t\t\t\t<\/div>\n\t\t\t\t<div class=\"elementor-element elementor-element-de401f4 elementor-widget elementor-widget-text-editor\" data-id=\"de401f4\" data-element_type=\"widget\" data-e-type=\"widget\" data-widget_type=\"text-editor.default\">\n\t\t\t\t<div class=\"elementor-widget-container\">\n\t\t\t\t\t\t\t\t\t<p>TA US\u0141UGA NAPRAWY OBEJMUJE NAST\u0118PUJ\u0104CE NUMERY CZ\u0118\u015aCI:<\/p>\n<p>4G1035466<\/p>\n<p>4G1035466C<\/p>\n<p>4G1035466E<\/p>\n<p>JE\u015aLI CZ\u0118\u015a\u0106 NR. JEST INNA, PROSIMY <a href=\"https:\/\/ics-incarservices.com\/pl\/?page_id=3163\">O KONTAKT<\/a> W CELU WYCENY NAPRAWY.<\/p>\n\t\t\t\t\t\t\t\t<\/div>\n\t\t\t\t<\/div>\n\t\t\t\t<div class=\"elementor-element elementor-element-b9e674d elementor-widget elementor-widget-text-editor\" data-id=\"b9e674d\" data-element_type=\"widget\" data-e-type=\"widget\" data-widget_type=\"text-editor.default\">\n\t\t\t\t<div class=\"elementor-widget-container\">\n\t\t\t\t\t\t\t\t\t<p>Jednostki te s\u0105 cz\u0119sto uszkodzone przez wod\u0119, co powoduje awarie podzespo\u0142\u00f3w wzmacniacza.<\/p>\n<p>Teraz mo\u017cliwa jest naprawa wzmacniaczy &#8211; za u\u0142amek ceny g\u0142\u00f3wnych dealer\u00f3w.<\/p>\n<p>Nasza zrycza\u0142towana op\u0142ata za napraw\u0119 obejmuje wszystkie rodzaje usterek.<\/p>\n<p>Je\u015bli urz\u0105dzenie nie nadaje si\u0119 do naprawy lub koszt naprawy jest zbyt wysoki, mo\u017cemy sklonowa\u0107 dane samochodu ze wzmacniacza, aby zaprogramowa\u0107 urz\u0105dzenie zast\u0119pcze (z zastrze\u017ceniem dodatkowej op\u0142aty i dost\u0119pno\u015bci).<\/p>\n\t\t\t\t\t\t\t\t<\/div>\n\t\t\t\t<\/div>\n\t\t\t\t<div class=\"elementor-element elementor-element-2236451 elementor-widget elementor-widget-image\" data-id=\"2236451\" data-element_type=\"widget\" data-e-type=\"widget\" data-widget_type=\"image.default\">\n\t\t\t\t<div class=\"elementor-widget-container\">\n\t\t\t\t\t\t\t\t\t\t\t\t\t\t\t<img fetchpriority=\"high\" decoding=\"async\" width=\"500\" height=\"500\" src=\"https:\/\/ics-incarservices.com\/wp-content\/uploads\/2022\/07\/12-months-warranty.png\" class=\"attachment-full size-full wp-image-3073\" alt=\"\" srcset=\"https:\/\/ics-incarservices.com\/wp-content\/uploads\/2022\/07\/12-months-warranty.png 500w, https:\/\/ics-incarservices.com\/wp-content\/uploads\/2022\/07\/12-months-warranty-100x100.png 100w, https:\/\/ics-incarservices.com\/wp-content\/uploads\/2022\/07\/12-months-warranty-300x300.png 300w, https:\/\/ics-incarservices.com\/wp-content\/uploads\/2022\/07\/12-months-warranty-150x150.png 150w\" sizes=\"(max-width: 500px) 100vw, 500px\" \/>\t\t\t\t\t\t\t\t\t\t\t\t\t\t\t<\/div>\n\t\t\t\t<\/div>\n\t\t\t\t<section class=\"elementor-section elementor-inner-section elementor-element elementor-element-f1ff622 elementor-section-boxed elementor-section-height-default elementor-section-height-default\" data-id=\"f1ff622\" data-element_type=\"section\" data-e-type=\"section\">\n\t\t\t\t\t\t<div class=\"elementor-container elementor-column-gap-no\">\n\t\t\t\t\t<div class=\"elementor-column elementor-col-50 elementor-inner-column elementor-element elementor-element-cb573dc\" data-id=\"cb573dc\" data-element_type=\"column\" data-e-type=\"column\">\n\t\t\t<div class=\"elementor-widget-wrap elementor-element-populated\">\n\t\t\t\t\t\t<div class=\"elementor-element elementor-element-c5107df elementor-widget elementor-widget-heading\" data-id=\"c5107df\" data-element_type=\"widget\" data-e-type=\"widget\" data-widget_type=\"heading.default\">\n\t\t\t\t<div class=\"elementor-widget-container\">\n\t\t\t\t\t<h3 class=\"elementor-heading-title elementor-size-default\">Jak korzysta\u0107 z naszej us\u0142ugi:<\/h3>\t\t\t\t<\/div>\n\t\t\t\t<\/div>\n\t\t\t\t\t<\/div>\n\t\t<\/div>\n\t\t\t\t<div class=\"elementor-column elementor-col-50 elementor-inner-column elementor-element elementor-element-d6ad69b\" data-id=\"d6ad69b\" data-element_type=\"column\" data-e-type=\"column\">\n\t\t\t<div class=\"elementor-widget-wrap elementor-element-populated\">\n\t\t\t\t\t\t<div class=\"elementor-element elementor-element-1b94481 elementor-align-start elementor-icon-list--layout-traditional elementor-list-item-link-full_width elementor-widget elementor-widget-icon-list\" data-id=\"1b94481\" data-element_type=\"widget\" data-e-type=\"widget\" data-widget_type=\"icon-list.default\">\n\t\t\t\t<div class=\"elementor-widget-container\">\n\t\t\t\t\t\t\t<ul class=\"elementor-icon-list-items\">\n\t\t\t\t\t\t\t<li class=\"elementor-icon-list-item\">\n\t\t\t\t\t\t\t\t\t\t\t<span class=\"elementor-icon-list-icon\">\n\t\t\t\t\t\t\t<i aria-hidden=\"true\" class=\"far fa-check-square\"><\/i>\t\t\t\t\t\t<\/span>\n\t\t\t\t\t\t\t\t\t\t<span class=\"elementor-icon-list-text\">Pobierz i wype\u0142nij <a href=\"https:\/\/ics-incarservices.com\/wp-content\/uploads\/2023\/08\/repair-order-form.pdf\" target=\"_blank\">\n  <strong>formularz zlecenia naprawy<\/strong>\n<\/a> - lub po prostu napisz wszystkie szczeg\u00f3\u0142y na papierze i do\u0142\u0105cz do paczki wraz z danymi kontaktowymi<\/span>\n\t\t\t\t\t\t\t\t\t<\/li>\n\t\t\t\t\t\t\t\t<li class=\"elementor-icon-list-item\">\n\t\t\t\t\t\t\t\t\t\t\t<span class=\"elementor-icon-list-icon\">\n\t\t\t\t\t\t\t<i aria-hidden=\"true\" class=\"far fa-check-square\"><\/i>\t\t\t\t\t\t<\/span>\n\t\t\t\t\t\t\t\t\t\t<span class=\"elementor-icon-list-text\">Ostro\u017cnie zapakuj urz\u0105dzenie i wy\u015blij do nas<\/span>\n\t\t\t\t\t\t\t\t\t<\/li>\n\t\t\t\t\t\t\t\t<li class=\"elementor-icon-list-item\">\n\t\t\t\t\t\t\t\t\t\t\t<span class=\"elementor-icon-list-icon\">\n\t\t\t\t\t\t\t<i aria-hidden=\"true\" class=\"far fa-check-square\"><\/i>\t\t\t\t\t\t<\/span>\n\t\t\t\t\t\t\t\t\t\t<span class=\"elementor-icon-list-text\">Po wys\u0142aniu prosimy o podanie numeru przesy\u0142ki. - Jest to wymagane w celu \u0142atwiejszej identyfikacji zlecenia naprawy i przyspieszenia procesu.<\/span>\n\t\t\t\t\t\t\t\t\t<\/li>\n\t\t\t\t\t\t\t\t<li class=\"elementor-icon-list-item\">\n\t\t\t\t\t\t\t\t\t\t\t<span class=\"elementor-icon-list-icon\">\n\t\t\t\t\t\t\t<i aria-hidden=\"true\" class=\"far fa-check-square\"><\/i>\t\t\t\t\t\t<\/span>\n\t\t\t\t\t\t\t\t\t\t<span class=\"elementor-icon-list-text\">Naszym celem jest naprawa urz\u0105dzenia w ci\u0105gu 2 dni roboczych. Je\u015bli nie mo\u017cemy naprawi\u0107, p\u0142acisz tylko koszt przesy\u0142ki zwrotnej.<\/span>\n\t\t\t\t\t\t\t\t\t<\/li>\n\t\t\t\t\t\t\t\t<li class=\"elementor-icon-list-item\">\n\t\t\t\t\t\t\t\t\t\t\t<span class=\"elementor-icon-list-icon\">\n\t\t\t\t\t\t\t<i aria-hidden=\"true\" class=\"far fa-check-square\"><\/i>\t\t\t\t\t\t<\/span>\n\t\t\t\t\t\t\t\t\t\t<span class=\"elementor-icon-list-text\">P\u0142atno\u015b\u0107 teraz przez Paypal lub po naprawie przez Paypal lub przelew bankowy<\/span>\n\t\t\t\t\t\t\t\t\t<\/li>\n\t\t\t\t\t\t<\/ul>\n\t\t\t\t\t\t<\/div>\n\t\t\t\t<\/div>\n\t\t\t\t\t<\/div>\n\t\t<\/div>\n\t\t\t\t\t<\/div>\n\t\t<\/section>\n\t\t\t\t\t<\/div>\n\t\t<\/div>\n\t\t\t\t\t<\/div>\n\t\t<\/section>\n\t\t\t\t<\/div>\n\t\t","protected":false},"excerpt":{"rendered":"<p>PROFESJONALNY SERWIS NAPRAWCZY WZMACNIACZY AUDI BANG &amp; OLUFSEN POWSZECHNIE SPOTYKANE W: AUDI A6 TA US\u0141UGA NAPRAWY OBEJMUJE NAST\u0118PUJ\u0104CE NUMERY CZ\u0118\u015aCI: 4G1035466 4G1035466C 4G1035466E JE\u015aLI CZ\u0118\u015a\u0106 NR. JEST INNA, PROSIMY O KONTAKT W CELU WYCENY NAPRAWY. Jednostki te s\u0105 cz\u0119sto uszkodzone przez wod\u0119, co powoduje awarie podzespo\u0142\u00f3w wzmacniacza. Teraz mo\u017cliwa jest naprawa wzmacniaczy &#8211; za u\u0142amek [&hellip;]<\/p>\n","protected":false},"featured_media":3085,"comment_status":"open","ping_status":"closed","template":"","meta":{"site-sidebar-layout":"no-sidebar","site-content-layout":"content-boxed-container","ast-site-content-layout":"normal-width-container","site-content-style":"boxed","site-sidebar-style":"unboxed","ast-global-header-display":"","ast-banner-title-visibility":"","ast-main-header-display":"","ast-hfb-above-header-display":"","ast-hfb-below-header-display":"","ast-hfb-mobile-header-display":"","site-post-title":"disabled","ast-breadcrumbs-content":"","ast-featured-img":"disabled","footer-sml-layout":"","ast-disable-related-posts":"","theme-transparent-header-meta":"default","adv-header-id-meta":"","stick-header-meta":"","header-above-stick-meta":"","header-main-stick-meta":"","header-below-stick-meta":"","astra-migrate-meta-layouts":"default","ast-page-background-enabled":"default","ast-page-background-meta":{"desktop":{"background-color":"var(--ast-global-color-4)","background-image":"","background-repeat":"repeat","background-position":"center center","background-size":"auto","background-attachment":"scroll","background-type":"","background-media":"","overlay-type":"","overlay-color":"","overlay-opacity":"","overlay-gradient":""},"tablet":{"background-color":"","background-image":"","background-repeat":"repeat","background-position":"center center","background-size":"auto","background-attachment":"scroll","background-type":"","background-media":"","overlay-type":"","overlay-color":"","overlay-opacity":"","overlay-gradient":""},"mobile":{"background-color":"","background-image":"","background-repeat":"repeat","background-position":"center center","background-size":"auto","background-attachment":"scroll","background-type":"","background-media":"","overlay-type":"","overlay-color":"","overlay-opacity":"","overlay-gradient":""}},"ast-content-background-meta":{"desktop":{"background-color":"var(--ast-global-color-5)","background-image":"","background-repeat":"repeat","background-position":"center center","background-size":"auto","background-attachment":"scroll","background-type":"","background-media":"","overlay-type":"","overlay-color":"","overlay-opacity":"","overlay-gradient":""},"tablet":{"background-color":"var(--ast-global-color-5)","background-image":"","background-repeat":"repeat","background-position":"center center","background-size":"auto","background-attachment":"scroll","background-type":"","background-media":"","overlay-type":"","overlay-color":"","overlay-opacity":"","overlay-gradient":""},"mobile":{"background-color":"var(--ast-global-color-5)","background-image":"","background-repeat":"repeat","background-position":"center center","background-size":"auto","background-attachment":"scroll","background-type":"","background-media":"","overlay-type":"","overlay-color":"","overlay-opacity":"","overlay-gradient":""}}},"product_brand":[],"product_cat":[68],"product_tag":[],"class_list":{"0":"post-3333","1":"product","2":"type-product","3":"status-publish","4":"has-post-thumbnail","6":"product_cat-naprawy-uslugi","7":"product_shipping_class-naprawy-uslugi","8":"pa_specific-models-audi-a6-wzmacniacz-bang-olufsen","9":"desktop-align-left","10":"tablet-align-left","11":"mobile-align-left","12":"ast-product-gallery-layout-horizontal-slider","13":"ast-product-gallery-with-no-image","14":"ast-product-tabs-layout-horizontal","15":"ast-qv-on-image","17":"first","18":"instock","19":"taxable","20":"shipping-taxable","21":"purchasable","22":"product-type-simple"},"aioseo_notices":[],"_links":{"self":[{"href":"https:\/\/ics-incarservices.com\/pl\/wp-json\/wp\/v2\/product\/3333","targetHints":{"allow":["GET"]}}],"collection":[{"href":"https:\/\/ics-incarservices.com\/pl\/wp-json\/wp\/v2\/product"}],"about":[{"href":"https:\/\/ics-incarservices.com\/pl\/wp-json\/wp\/v2\/types\/product"}],"replies":[{"embeddable":true,"href":"https:\/\/ics-incarservices.com\/pl\/wp-json\/wp\/v2\/comments?post=3333"}],"version-history":[{"count":2,"href":"https:\/\/ics-incarservices.com\/pl\/wp-json\/wp\/v2\/product\/3333\/revisions"}],"predecessor-version":[{"id":3353,"href":"https:\/\/ics-incarservices.com\/pl\/wp-json\/wp\/v2\/product\/3333\/revisions\/3353"}],"wp:featuredmedia":[{"embeddable":true,"href":"https:\/\/ics-incarservices.com\/pl\/wp-json\/wp\/v2\/media\/3085"}],"wp:attachment":[{"href":"https:\/\/ics-incarservices.com\/pl\/wp-json\/wp\/v2\/media?parent=3333"}],"wp:term":[{"taxonomy":"product_brand","embeddable":true,"href":"https:\/\/ics-incarservices.com\/pl\/wp-json\/wp\/v2\/product_brand?post=3333"},{"taxonomy":"product_cat","embeddable":true,"href":"https:\/\/ics-incarservices.com\/pl\/wp-json\/wp\/v2\/product_cat?post=3333"},{"taxonomy":"product_tag","embeddable":true,"href":"https:\/\/ics-incarservices.com\/pl\/wp-json\/wp\/v2\/product_tag?post=3333"}],"curies":[{"name":"wp","href":"https:\/\/api.w.org\/{rel}","templated":true}]}}