{"id":3407,"date":"2023-09-27T11:57:54","date_gmt":"2023-09-27T09:57:54","guid":{"rendered":"https:\/\/ics-incarservices.com\/shop\/bez-kategorii\/audi-multimedia-a4-a5-q5-mmi3g-8r2035652-2021-maps-8r2-035-652\/"},"modified":"2024-03-01T11:18:39","modified_gmt":"2024-03-01T10:18:39","slug":"audi-multimedia-a4-a5-q5-mmi3g-8r2035652-2021-maps-8r2-035-652","status":"publish","type":"product","link":"https:\/\/ics-incarservices.com\/pl\/sklep\/jednostki-multimedialne\/audi-multimedia-a4-a5-q5-mmi3g-8r2035652-2021-maps-8r2-035-652\/","title":{"rendered":"AUDI MULTIMEDIA A4 A5 Q5 MMI3G 8R2035652 2021 MAPS 8R2 035 652"},"content":{"rendered":"\t\t<div data-elementor-type=\"wp-post\" data-elementor-id=\"3407\" class=\"elementor elementor-3407 elementor-2919\">\n\t\t\t\t\t\t<section class=\"elementor-section elementor-top-section elementor-element elementor-element-d3dd98f elementor-section-boxed elementor-section-height-default elementor-section-height-default\" data-id=\"d3dd98f\" data-element_type=\"section\" data-e-type=\"section\">\n\t\t\t\t\t\t<div class=\"elementor-container elementor-column-gap-no\">\n\t\t\t\t\t<div class=\"elementor-column elementor-col-100 elementor-top-column elementor-element elementor-element-8cbe564\" data-id=\"8cbe564\" data-element_type=\"column\" data-e-type=\"column\">\n\t\t\t<div class=\"elementor-widget-wrap elementor-element-populated\">\n\t\t\t\t\t\t<div class=\"elementor-element elementor-element-3c9d21e elementor-widget elementor-widget-heading\" data-id=\"3c9d21e\" data-element_type=\"widget\" data-e-type=\"widget\" data-widget_type=\"heading.default\">\n\t\t\t\t<div class=\"elementor-widget-container\">\n\t\t\t\t\t<h5 class=\"elementor-heading-title elementor-size-default\">ORYGINALNE AUDI A4, A5, Q5 MMI3G BASIC LOW - JEDNOSTKA G\u0141\u00d3WNA<\/h5>\t\t\t\t<\/div>\n\t\t\t\t<\/div>\n\t\t\t\t<div class=\"elementor-element elementor-element-de401f4 elementor-widget elementor-widget-text-editor\" data-id=\"de401f4\" data-element_type=\"widget\" data-e-type=\"widget\" data-widget_type=\"text-editor.default\">\n\t\t\t\t<div class=\"elementor-widget-container\">\n\t\t\t\t\t\t\t\t\t<p>NR CZ\u0118\u015aCI: 8R2035652<\/p>\n<p>ZAWIERA NAJNOWSZE DOST\u0118PNE MAPY<\/p>\n<p>SPECYFIKACJA EUROPEJSKA<\/p>\n<\/p>\n<p>&#8211; STAN DOBRY<\/p>\n<p>&#8211; DOSKONA\u0141Y STAN TECHNICZNY<\/p>\n\t\t\t\t\t\t\t\t<\/div>\n\t\t\t\t<\/div>\n\t\t\t\t<div class=\"elementor-element elementor-element-2236451 elementor-widget elementor-widget-image\" data-id=\"2236451\" data-element_type=\"widget\" data-e-type=\"widget\" data-widget_type=\"image.default\">\n\t\t\t\t<div class=\"elementor-widget-container\">\n\t\t\t\t\t\t\t\t\t\t\t\t\t\t\t<img fetchpriority=\"high\" decoding=\"async\" width=\"500\" height=\"500\" src=\"https:\/\/ics-incarservices.com\/wp-content\/uploads\/2022\/07\/12-months-warranty.png\" class=\"attachment-full size-full wp-image-3073\" alt=\"\" srcset=\"https:\/\/ics-incarservices.com\/wp-content\/uploads\/2022\/07\/12-months-warranty.png 500w, https:\/\/ics-incarservices.com\/wp-content\/uploads\/2022\/07\/12-months-warranty-100x100.png 100w, https:\/\/ics-incarservices.com\/wp-content\/uploads\/2022\/07\/12-months-warranty-300x300.png 300w, https:\/\/ics-incarservices.com\/wp-content\/uploads\/2022\/07\/12-months-warranty-150x150.png 150w\" sizes=\"(max-width: 500px) 100vw, 500px\" \/>\t\t\t\t\t\t\t\t\t\t\t\t\t\t\t<\/div>\n\t\t\t\t<\/div>\n\t\t\t\t\t<\/div>\n\t\t<\/div>\n\t\t\t\t\t<\/div>\n\t\t<\/section>\n\t\t\t\t<\/div>\n\t\t","protected":false},"excerpt":{"rendered":"<p>ORYGINALNE AUDI A4, A5, Q5 MMI3G BASIC LOW &#8211; JEDNOSTKA G\u0141\u00d3WNA NR CZ\u0118\u015aCI: 8R2035652 ZAWIERA NAJNOWSZE DOST\u0118PNE MAPY SPECYFIKACJA EUROPEJSKA &#8211; STAN DOBRY &#8211; DOSKONA\u0141Y STAN TECHNICZNY<\/p>\n","protected":false},"featured_media":3128,"comment_status":"open","ping_status":"closed","template":"","meta":{"site-sidebar-layout":"no-sidebar","site-content-layout":"content-boxed-container","ast-site-content-layout":"normal-width-container","site-content-style":"boxed","site-sidebar-style":"unboxed","ast-global-header-display":"","ast-banner-title-visibility":"","ast-main-header-display":"","ast-hfb-above-header-display":"","ast-hfb-below-header-display":"","ast-hfb-mobile-header-display":"","site-post-title":"disabled","ast-breadcrumbs-content":"","ast-featured-img":"disabled","footer-sml-layout":"","ast-disable-related-posts":"","theme-transparent-header-meta":"default","adv-header-id-meta":"","stick-header-meta":"","header-above-stick-meta":"","header-main-stick-meta":"","header-below-stick-meta":"","astra-migrate-meta-layouts":"default","ast-page-background-enabled":"default","ast-page-background-meta":{"desktop":{"background-color":"var(--ast-global-color-4)","background-image":"","background-repeat":"repeat","background-position":"center center","background-size":"auto","background-attachment":"scroll","background-type":"","background-media":"","overlay-type":"","overlay-color":"","overlay-opacity":"","overlay-gradient":""},"tablet":{"background-color":"","background-image":"","background-repeat":"repeat","background-position":"center center","background-size":"auto","background-attachment":"scroll","background-type":"","background-media":"","overlay-type":"","overlay-color":"","overlay-opacity":"","overlay-gradient":""},"mobile":{"background-color":"","background-image":"","background-repeat":"repeat","background-position":"center center","background-size":"auto","background-attachment":"scroll","background-type":"","background-media":"","overlay-type":"","overlay-color":"","overlay-opacity":"","overlay-gradient":""}},"ast-content-background-meta":{"desktop":{"background-color":"var(--ast-global-color-5)","background-image":"","background-repeat":"repeat","background-position":"center center","background-size":"auto","background-attachment":"scroll","background-type":"","background-media":"","overlay-type":"","overlay-color":"","overlay-opacity":"","overlay-gradient":""},"tablet":{"background-color":"var(--ast-global-color-5)","background-image":"","background-repeat":"repeat","background-position":"center center","background-size":"auto","background-attachment":"scroll","background-type":"","background-media":"","overlay-type":"","overlay-color":"","overlay-opacity":"","overlay-gradient":""},"mobile":{"background-color":"var(--ast-global-color-5)","background-image":"","background-repeat":"repeat","background-position":"center center","background-size":"auto","background-attachment":"scroll","background-type":"","background-media":"","overlay-type":"","overlay-color":"","overlay-opacity":"","overlay-gradient":""}}},"product_brand":[],"product_cat":[74],"product_tag":[],"class_list":{"0":"post-3407","1":"product","2":"type-product","3":"status-publish","4":"has-post-thumbnail","6":"product_cat-jednostki-multimedialne","7":"product_shipping_class-akcesoria","8":"desktop-align-left","9":"tablet-align-left","10":"mobile-align-left","11":"ast-product-gallery-layout-horizontal-slider","12":"ast-product-tabs-layout-horizontal","13":"ast-qv-on-image","15":"first","16":"instock","17":"taxable","18":"shipping-taxable","19":"purchasable","20":"product-type-simple"},"aioseo_notices":[],"_links":{"self":[{"href":"https:\/\/ics-incarservices.com\/pl\/wp-json\/wp\/v2\/product\/3407","targetHints":{"allow":["GET"]}}],"collection":[{"href":"https:\/\/ics-incarservices.com\/pl\/wp-json\/wp\/v2\/product"}],"about":[{"href":"https:\/\/ics-incarservices.com\/pl\/wp-json\/wp\/v2\/types\/product"}],"replies":[{"embeddable":true,"href":"https:\/\/ics-incarservices.com\/pl\/wp-json\/wp\/v2\/comments?post=3407"}],"version-history":[{"count":2,"href":"https:\/\/ics-incarservices.com\/pl\/wp-json\/wp\/v2\/product\/3407\/revisions"}],"predecessor-version":[{"id":3411,"href":"https:\/\/ics-incarservices.com\/pl\/wp-json\/wp\/v2\/product\/3407\/revisions\/3411"}],"wp:featuredmedia":[{"embeddable":true,"href":"https:\/\/ics-incarservices.com\/pl\/wp-json\/wp\/v2\/media\/3128"}],"wp:attachment":[{"href":"https:\/\/ics-incarservices.com\/pl\/wp-json\/wp\/v2\/media?parent=3407"}],"wp:term":[{"taxonomy":"product_brand","embeddable":true,"href":"https:\/\/ics-incarservices.com\/pl\/wp-json\/wp\/v2\/product_brand?post=3407"},{"taxonomy":"product_cat","embeddable":true,"href":"https:\/\/ics-incarservices.com\/pl\/wp-json\/wp\/v2\/product_cat?post=3407"},{"taxonomy":"product_tag","embeddable":true,"href":"https:\/\/ics-incarservices.com\/pl\/wp-json\/wp\/v2\/product_tag?post=3407"}],"curies":[{"name":"wp","href":"https:\/\/api.w.org\/{rel}","templated":true}]}}